{"id":3462,"date":"2022-04-12T17:59:42","date_gmt":"2022-04-12T15:59:42","guid":{"rendered":"https:\/\/kunsthallemessmer.de\/imprimer\/"},"modified":"2024-10-16T12:30:27","modified_gmt":"2024-10-16T10:30:27","slug":"imprimer","status":"publish","type":"page","link":"https:\/\/kunsthallemessmer.de\/fr\/imprimer\/","title":{"rendered":"Mentions l\u00e9gales"},"content":{"rendered":"\t\t<div data-elementor-type=\"wp-page\" data-elementor-id=\"3462\" class=\"elementor elementor-3462 elementor-2356\" data-elementor-post-type=\"page\">\n\t\t\t\t\t\t<section class=\"elementor-section elementor-top-section elementor-element elementor-element-e03f33e elementor-section-boxed elementor-section-height-default elementor-section-height-default\" data-id=\"e03f33e\" data-element_type=\"section\" data-e-type=\"section\">\n\t\t\t\t\t\t<div class=\"elementor-container elementor-column-gap-default\">\n\t\t\t\t\t<div class=\"elementor-column elementor-col-100 elementor-top-column elementor-element elementor-element-de6be41\" data-id=\"de6be41\" data-element_type=\"column\" data-e-type=\"column\">\n\t\t\t<div class=\"elementor-widget-wrap elementor-element-populated\">\n\t\t\t\t\t\t<div class=\"elementor-element elementor-element-092dcf8 elementor-widget elementor-widget-heading\" data-id=\"092dcf8\" data-element_type=\"widget\" data-e-type=\"widget\" data-widget_type=\"heading.default\">\n\t\t\t\t<div class=\"elementor-widget-container\">\n\t\t\t\t\t<h2 class=\"elementor-heading-title elementor-size-default\">Mentions l\u00e9gales<\/h2>\t\t\t\t<\/div>\n\t\t\t\t<\/div>\n\t\t\t\t<div class=\"elementor-element elementor-element-809f7a1 elementor-widget elementor-widget-text-editor\" data-id=\"809f7a1\" data-element_type=\"widget\" data-e-type=\"widget\" data-widget_type=\"text-editor.default\">\n\t\t\t\t<div class=\"elementor-widget-container\">\n\t\t\t\t\t\t\t\t\t<h2>Informations selon l&rsquo;art. \u00a7 5 DE LA LOI SUR LES T\u00c9L\u00c9M\u00c9DIAS :<\/h2>\n<p>J\u00fcrgen A. Messmer<br>Gro\u00dfherzog-Leopold-Platz 1<br>79359 Riegel am Kaiserstuhl<\/p>\n<p>Num\u00e9ro de TVA : DE 141 925 936<\/p>\n<h3>Prise de contact :<\/h3>\n<p>T\u00e9l\u00e9phone : +49 7642 920 162 10<br>E-mail : info@kunsthallemessmer.de<\/p>\n<p style=\"font-family: 'Century Gothic';\">La messmer foundation est une fondation de droit civil dot\u00e9e de la personnalit\u00e9 juridique.<br>Conseil d&rsquo;administration : J\u00fcrgen A. Messmer<br>Directeur g\u00e9n\u00e9ral et responsable conform\u00e9ment \u00e0 la loi. \u00a7 5 TMG et \u00a7 55 Abs. 2 RStV :&nbsp;J\u00fcrgen A. Messmer<\/p>\n<p style=\"font-family: 'Century Gothic';\">La messmer foundation promeut l&rsquo;art et la culture et est donc consid\u00e9r\u00e9e comme une organisation \u00e0 but non lucratif.<br>La reconnaissance en tant que fondation de droit civil<br>&nbsp;&nbsp; a \u00e9t\u00e9 accord\u00e9e le 28.12.2005 par le Regierungspr\u00e4sidium Freiburg<br>(AZ. : 14-2214.8).&nbsp;L&rsquo;avis d&rsquo;exon\u00e9ration actuel du Finanzamt<br>Emmendingen date du 28.07.2008 (num\u00e9ro fiscal 05082\/00568).<\/p>\n<p style=\"font-family: 'Century Gothic';\"><strong>Coordonn\u00e9es du compte | Compte pour les dons :<\/strong><br>messmer foundation<br>Volksbank Breisgau Nord eG<br>Compte 104 55 308&nbsp;|&nbsp;BLZ 680 920 00<br>IBAN : DE 346809 2000 00 104 55308&nbsp;|BIC : GENO DE 61 EMM<\/p>\n<p style=\"font-family: 'Century Gothic';\">Num\u00e9ro de TVA : DE 260 472 128<\/p>\n<p style=\"font-family: 'Century Gothic';\"><strong>Photographies :<\/strong><br>Roland Krieg Fotodesign&nbsp;<a href=\"http:\/\/www.krieg-fotodesign.de\">www.krieg-fotodesign.de<\/a><br>Keramik Atelier Wenzinger, Dieter Schille&nbsp;<a href=\"http:\/\/www.wenzinger-keramik.de\">www.wenzinger-keramik.de<br><\/a>Steven van Veen &#8211; Photography&nbsp;<a href=\"http:\/\/www.stevenvanveen.com\/\">www.stevenvanveen.com<\/a><br>Alexandra Seidel<br>Juliane Platzeck<\/p>\n<p style=\"font-family: 'Century Gothic';\">\n<\/p><h2><strong>Clause de non-responsabilit\u00e9 &#8211; Disclaimer :<\/strong><\/h2>\n<h3>Responsabilit\u00e9 du contenu<\/h3>\n<p>Tous les contenus de notre site Internet ont \u00e9t\u00e9 \u00e9labor\u00e9s avec le plus grand soin et en toute bonne foi. Nous ne pouvons toutefois pas garantir l&rsquo;exactitude, l&rsquo;exhaustivit\u00e9 et l&rsquo;actualit\u00e9 des contenus. En tant que prestataire de services, nous sommes tenus, conform\u00e9ment au \u00a7 7 al.1 TMG pour ses propres contenus sur ces pages selon les lois g\u00e9n\u00e9rales. Selon les \u00a7\u00a7 8 \u00e0 10 de la loi allemande sur les m\u00e9dias \u00e9lectroniques (TMG), nous ne sommes toutefois pas tenus, en tant que prestataire de services, de surveiller les informations externes transmises ou enregistr\u00e9es ou de rechercher des circonstances indiquant une activit\u00e9 ill\u00e9gale. Les obligations de supprimer ou de bloquer l&rsquo;utilisation d&rsquo;informations conform\u00e9ment aux lois g\u00e9n\u00e9rales restent inchang\u00e9es.<\/p>\n<p>Une responsabilit\u00e9 \u00e0 cet \u00e9gard n&rsquo;est toutefois possible qu&rsquo;\u00e0 partir du moment o\u00f9 une violation concr\u00e8te de la loi a \u00e9t\u00e9 port\u00e9e \u00e0 notre connaissance. Si nous prenons connaissance des violations de la loi susmentionn\u00e9es, nous supprimerons imm\u00e9diatement ces contenus.<\/p>\n<h3>Limitation de responsabilit\u00e9 pour les liens externes<\/h3>\n<p>Notre site web contient des liens vers des sites web externes de tiers. Nous n&rsquo;avons aucune influence sur le contenu de ces sites web li\u00e9s directement ou indirectement. Nous ne pouvons donc pas garantir l&rsquo;exactitude des contenus des \u00ab\u00a0liens externes\u00a0\u00bb. Les fournisseurs ou exploitants (auteurs) respectifs des pages sont responsables du contenu des liens externes.<\/p>\n<p>Les liens externes ont \u00e9t\u00e9 v\u00e9rifi\u00e9s au moment de la mise en place des liens quant \u00e0 d&rsquo;\u00e9ventuelles violations de la loi et \u00e9taient exempts de contenus ill\u00e9gaux au moment de la mise en place des liens. Un contr\u00f4le permanent du contenu des liens externes n&rsquo;est pas possible sans indices concrets d&rsquo;une violation de la loi. En cas de liens directs ou indirects vers des sites Internet de tiers qui ne rel\u00e8vent pas de notre responsabilit\u00e9, notre responsabilit\u00e9 ne serait engag\u00e9e que si nous avions connaissance des contenus et qu&rsquo;il nous \u00e9tait techniquement possible et raisonnable d&rsquo;en emp\u00eacher l&rsquo;utilisation en cas de contenus ill\u00e9gaux.<\/p>\n<p>Cette d\u00e9claration de non-responsabilit\u00e9 s&rsquo;applique \u00e9galement aux liens et renvois plac\u00e9s sur le propre site Internet \u00ab\u00a0<em>Nom de votre domaine<\/em>\u00a0\u00bb par les auteurs de questions, les contributeurs de blogs, les invit\u00e9s du forum de discussion. Seul le fournisseur de services de la page \u00e0 laquelle il a \u00e9t\u00e9 renvoy\u00e9 est responsable des contenus ill\u00e9gaux, erron\u00e9s ou incomplets et en particulier des dommages r\u00e9sultant de l&rsquo;utilisation ou de la non-utilisation des informations ainsi pr\u00e9sent\u00e9es, et non celui qui ne fait que renvoyer \u00e0 la publication concern\u00e9e par le biais de liens.<\/p>\n<p>Si nous avons connaissance de violations de la loi, nous supprimerons imm\u00e9diatement les liens externes.<\/p>\n<h3>Droit d&rsquo;auteur<\/h3>\n<p>Les contenus et \u0153uvres publi\u00e9s sur notre site Internet sont soumis au droit d&rsquo;auteur allemand<a href=\"http:\/\/www.gesetze-im-internet.de\/bundesrecht\/urhg\/gesamt.pdf\" target=\"_blank\" rel=\"noopener noreferrer\" data-extlink=\"\">(http:\/\/www.gesetze-im-internet.de\/bundesrecht\/urhg\/gesamt.pdf)<\/a>. La reproduction, le traitement, la diffusion et toute forme d&rsquo;exploitation de la propri\u00e9t\u00e9 intellectuelle du point de vue conceptuel et mat\u00e9riel de l&rsquo;auteur en dehors des limites du droit d&rsquo;auteur requi\u00e8rent l&rsquo;accord \u00e9crit pr\u00e9alable de l&rsquo;auteur concern\u00e9 au sens de la loi sur le droit d&rsquo;auteur<a href=\"http:\/\/www.gesetze-im-internet.de\/bundesrecht\/urhg\/gesamt.pdf\" target=\"_blank\" rel=\"noopener noreferrer\" data-extlink=\"\">(http:\/\/www.gesetze-im-internet.de\/bundesrecht\/urhg\/gesamt.pdf<\/a> ). Les t\u00e9l\u00e9chargements et les copies de cette page ne sont autoris\u00e9s que pour un usage priv\u00e9 et non commercial. Si les contenus de notre site web n&rsquo;ont pas \u00e9t\u00e9 cr\u00e9\u00e9s par nous, les droits d&rsquo;auteur de tiers doivent \u00eatre respect\u00e9s. Les contenus de tiers sont identifi\u00e9s comme tels. Si vous deviez n\u00e9anmoins constater une violation des droits d&rsquo;auteur, nous vous prions de nous en informer. Si nous prenons connaissance d&rsquo;une violation de la loi, nous supprimerons imm\u00e9diatement les contenus concern\u00e9s.<\/p>\n<h2>Conception et d\u00e9veloppement<\/h2>\n<p>Services web Erik Lachfeld<br><a href=\"https:\/\/erik-lachfeld.de\" target=\"_blank\" rel=\"noopener\"><span style=\"text-decoration: underline;\">erik-lachfeld.de<\/span><\/a><\/p>\n<div>&nbsp;<\/div>\n<div>&nbsp;<\/div>\t\t\t\t\t\t\t\t<\/div>\n\t\t\t\t<\/div>\n\t\t\t\t\t<\/div>\n\t\t<\/div>\n\t\t\t\t\t<\/div>\n\t\t<\/section>\n\t\t\t\t<\/div>\n\t\t","protected":false},"excerpt":{"rendered":"<p>Mentions l\u00e9gales Informations selon l&rsquo;art. \u00a7 5 DE LA LOI SUR LES T\u00c9L\u00c9M\u00c9DIAS : J\u00fcrgen A. MessmerGro\u00dfherzog-Leopold-Platz 179359 Riegel am Kaiserstuhl Num\u00e9ro de TVA : DE 141 925 936 Prise de contact : T\u00e9l\u00e9phone : +49 7642 920 162 10E-mail : info@kunsthallemessmer.de La messmer foundation est une fondation de droit civil dot\u00e9e de la personnalit\u00e9 [&hellip;]<\/p>\n","protected":false},"author":3,"featured_media":0,"parent":0,"menu_order":0,"comment_status":"closed","ping_status":"closed","template":"","meta":{"footnotes":""},"class_list":["post-3462","page","type-page","status-publish","hentry"],"yoast_head":"<!-- This site is optimized with the Yoast SEO plugin v27.4 - https:\/\/yoast.com\/product\/yoast-seo-wordpress\/ -->\n<title>Mentions l\u00e9gales - Kunsthalle Messmer<\/title>\n<meta name=\"robots\" content=\"index, follow, max-snippet:-1, max-image-preview:large, max-video-preview:-1\" \/>\n<link rel=\"canonical\" href=\"https:\/\/kunsthallemessmer.de\/fr\/imprimer\/\" \/>\n<meta property=\"og:locale\" content=\"fr_FR\" \/>\n<meta property=\"og:type\" content=\"article\" \/>\n<meta property=\"og:title\" content=\"Mentions l\u00e9gales - Kunsthalle Messmer\" \/>\n<meta property=\"og:description\" content=\"Mentions l\u00e9gales Informations selon l&rsquo;art. \u00a7 5 DE LA LOI SUR LES T\u00c9L\u00c9M\u00c9DIAS : J\u00fcrgen A. MessmerGro\u00dfherzog-Leopold-Platz 179359 Riegel am Kaiserstuhl Num\u00e9ro de TVA : DE 141 925 936 Prise de contact : T\u00e9l\u00e9phone : +49 7642 920 162 10E-mail : info@kunsthallemessmer.de La messmer foundation est une fondation de droit civil dot\u00e9e de la personnalit\u00e9 [&hellip;]\" \/>\n<meta property=\"og:url\" content=\"https:\/\/kunsthallemessmer.de\/fr\/imprimer\/\" \/>\n<meta property=\"og:site_name\" content=\"Kunsthalle Messmer\" \/>\n<meta property=\"article:modified_time\" content=\"2024-10-16T10:30:27+00:00\" \/>\n<meta name=\"twitter:card\" content=\"summary_large_image\" \/>\n<meta name=\"twitter:label1\" content=\"Dur\u00e9e de lecture estim\u00e9e\" \/>\n\t<meta name=\"twitter:data1\" content=\"4 minutes\" \/>\n<script type=\"application\/ld+json\" class=\"yoast-schema-graph\">{\"@context\":\"https:\\\/\\\/schema.org\",\"@graph\":[{\"@type\":\"WebPage\",\"@id\":\"https:\\\/\\\/kunsthallemessmer.de\\\/fr\\\/imprimer\\\/\",\"url\":\"https:\\\/\\\/kunsthallemessmer.de\\\/fr\\\/imprimer\\\/\",\"name\":\"Mentions l\u00e9gales - Kunsthalle Messmer\",\"isPartOf\":{\"@id\":\"https:\\\/\\\/kunsthallemessmer.de\\\/fr\\\/#website\"},\"datePublished\":\"2022-04-12T15:59:42+00:00\",\"dateModified\":\"2024-10-16T10:30:27+00:00\",\"breadcrumb\":{\"@id\":\"https:\\\/\\\/kunsthallemessmer.de\\\/fr\\\/imprimer\\\/#breadcrumb\"},\"inLanguage\":\"fr-FR\",\"potentialAction\":[{\"@type\":\"ReadAction\",\"target\":[\"https:\\\/\\\/kunsthallemessmer.de\\\/fr\\\/imprimer\\\/\"]}]},{\"@type\":\"BreadcrumbList\",\"@id\":\"https:\\\/\\\/kunsthallemessmer.de\\\/fr\\\/imprimer\\\/#breadcrumb\",\"itemListElement\":[{\"@type\":\"ListItem\",\"position\":1,\"name\":\"Startseite\",\"item\":\"https:\\\/\\\/kunsthallemessmer.de\\\/fr\\\/apercu\\\/\"},{\"@type\":\"ListItem\",\"position\":2,\"name\":\"Mentions l\u00e9gales\"}]},{\"@type\":\"WebSite\",\"@id\":\"https:\\\/\\\/kunsthallemessmer.de\\\/fr\\\/#website\",\"url\":\"https:\\\/\\\/kunsthallemessmer.de\\\/fr\\\/\",\"name\":\"Kunsthalle Messmer\",\"description\":\"Riegel am Kaiserstuhl\",\"publisher\":{\"@id\":\"https:\\\/\\\/kunsthallemessmer.de\\\/fr\\\/#organization\"},\"potentialAction\":[{\"@type\":\"SearchAction\",\"target\":{\"@type\":\"EntryPoint\",\"urlTemplate\":\"https:\\\/\\\/kunsthallemessmer.de\\\/fr\\\/?s={search_term_string}\"},\"query-input\":{\"@type\":\"PropertyValueSpecification\",\"valueRequired\":true,\"valueName\":\"search_term_string\"}}],\"inLanguage\":\"fr-FR\"},{\"@type\":\"Organization\",\"@id\":\"https:\\\/\\\/kunsthallemessmer.de\\\/fr\\\/#organization\",\"name\":\"Kunsthalle Messmer\",\"url\":\"https:\\\/\\\/kunsthallemessmer.de\\\/fr\\\/\",\"logo\":{\"@type\":\"ImageObject\",\"inLanguage\":\"fr-FR\",\"@id\":\"https:\\\/\\\/kunsthallemessmer.de\\\/fr\\\/#\\\/schema\\\/logo\\\/image\\\/\",\"url\":\"https:\\\/\\\/kunsthallemessmer.de\\\/wp-content\\\/uploads\\\/2022\\\/04\\\/kunsthalle_messmer_pos-2-png.png\",\"contentUrl\":\"https:\\\/\\\/kunsthallemessmer.de\\\/wp-content\\\/uploads\\\/2022\\\/04\\\/kunsthalle_messmer_pos-2-png.png\",\"width\":2412,\"height\":434,\"caption\":\"Kunsthalle Messmer\"},\"image\":{\"@id\":\"https:\\\/\\\/kunsthallemessmer.de\\\/fr\\\/#\\\/schema\\\/logo\\\/image\\\/\"}}]}<\/script>\n<!-- \/ Yoast SEO plugin. -->","yoast_head_json":{"title":"Mentions l\u00e9gales - Kunsthalle Messmer","robots":{"index":"index","follow":"follow","max-snippet":"max-snippet:-1","max-image-preview":"max-image-preview:large","max-video-preview":"max-video-preview:-1"},"canonical":"https:\/\/kunsthallemessmer.de\/fr\/imprimer\/","og_locale":"fr_FR","og_type":"article","og_title":"Mentions l\u00e9gales - Kunsthalle Messmer","og_description":"Mentions l\u00e9gales Informations selon l&rsquo;art. \u00a7 5 DE LA LOI SUR LES T\u00c9L\u00c9M\u00c9DIAS : J\u00fcrgen A. MessmerGro\u00dfherzog-Leopold-Platz 179359 Riegel am Kaiserstuhl Num\u00e9ro de TVA : DE 141 925 936 Prise de contact : T\u00e9l\u00e9phone : +49 7642 920 162 10E-mail : info@kunsthallemessmer.de La messmer foundation est une fondation de droit civil dot\u00e9e de la personnalit\u00e9 [&hellip;]","og_url":"https:\/\/kunsthallemessmer.de\/fr\/imprimer\/","og_site_name":"Kunsthalle Messmer","article_modified_time":"2024-10-16T10:30:27+00:00","twitter_card":"summary_large_image","twitter_misc":{"Dur\u00e9e de lecture estim\u00e9e":"4 minutes"},"schema":{"@context":"https:\/\/schema.org","@graph":[{"@type":"WebPage","@id":"https:\/\/kunsthallemessmer.de\/fr\/imprimer\/","url":"https:\/\/kunsthallemessmer.de\/fr\/imprimer\/","name":"Mentions l\u00e9gales - Kunsthalle Messmer","isPartOf":{"@id":"https:\/\/kunsthallemessmer.de\/fr\/#website"},"datePublished":"2022-04-12T15:59:42+00:00","dateModified":"2024-10-16T10:30:27+00:00","breadcrumb":{"@id":"https:\/\/kunsthallemessmer.de\/fr\/imprimer\/#breadcrumb"},"inLanguage":"fr-FR","potentialAction":[{"@type":"ReadAction","target":["https:\/\/kunsthallemessmer.de\/fr\/imprimer\/"]}]},{"@type":"BreadcrumbList","@id":"https:\/\/kunsthallemessmer.de\/fr\/imprimer\/#breadcrumb","itemListElement":[{"@type":"ListItem","position":1,"name":"Startseite","item":"https:\/\/kunsthallemessmer.de\/fr\/apercu\/"},{"@type":"ListItem","position":2,"name":"Mentions l\u00e9gales"}]},{"@type":"WebSite","@id":"https:\/\/kunsthallemessmer.de\/fr\/#website","url":"https:\/\/kunsthallemessmer.de\/fr\/","name":"Kunsthalle Messmer","description":"Riegel am Kaiserstuhl","publisher":{"@id":"https:\/\/kunsthallemessmer.de\/fr\/#organization"},"potentialAction":[{"@type":"SearchAction","target":{"@type":"EntryPoint","urlTemplate":"https:\/\/kunsthallemessmer.de\/fr\/?s={search_term_string}"},"query-input":{"@type":"PropertyValueSpecification","valueRequired":true,"valueName":"search_term_string"}}],"inLanguage":"fr-FR"},{"@type":"Organization","@id":"https:\/\/kunsthallemessmer.de\/fr\/#organization","name":"Kunsthalle Messmer","url":"https:\/\/kunsthallemessmer.de\/fr\/","logo":{"@type":"ImageObject","inLanguage":"fr-FR","@id":"https:\/\/kunsthallemessmer.de\/fr\/#\/schema\/logo\/image\/","url":"https:\/\/kunsthallemessmer.de\/wp-content\/uploads\/2022\/04\/kunsthalle_messmer_pos-2-png.png","contentUrl":"https:\/\/kunsthallemessmer.de\/wp-content\/uploads\/2022\/04\/kunsthalle_messmer_pos-2-png.png","width":2412,"height":434,"caption":"Kunsthalle Messmer"},"image":{"@id":"https:\/\/kunsthallemessmer.de\/fr\/#\/schema\/logo\/image\/"}}]}},"_links":{"self":[{"href":"https:\/\/kunsthallemessmer.de\/fr\/wp-json\/wp\/v2\/pages\/3462","targetHints":{"allow":["GET"]}}],"collection":[{"href":"https:\/\/kunsthallemessmer.de\/fr\/wp-json\/wp\/v2\/pages"}],"about":[{"href":"https:\/\/kunsthallemessmer.de\/fr\/wp-json\/wp\/v2\/types\/page"}],"author":[{"embeddable":true,"href":"https:\/\/kunsthallemessmer.de\/fr\/wp-json\/wp\/v2\/users\/3"}],"replies":[{"embeddable":true,"href":"https:\/\/kunsthallemessmer.de\/fr\/wp-json\/wp\/v2\/comments?post=3462"}],"version-history":[{"count":6,"href":"https:\/\/kunsthallemessmer.de\/fr\/wp-json\/wp\/v2\/pages\/3462\/revisions"}],"predecessor-version":[{"id":8672,"href":"https:\/\/kunsthallemessmer.de\/fr\/wp-json\/wp\/v2\/pages\/3462\/revisions\/8672"}],"wp:attachment":[{"href":"https:\/\/kunsthallemessmer.de\/fr\/wp-json\/wp\/v2\/media?parent=3462"}],"curies":[{"name":"wp","href":"https:\/\/api.w.org\/{rel}","templated":true}]}}